{"id":31,"date":"2023-04-20T11:47:35","date_gmt":"2023-04-20T11:47:35","guid":{"rendered":"https:\/\/dummy.xtemos.com\/woodmart2\/furniture2-elementor\/?page_id=31"},"modified":"2024-09-27T06:05:05","modified_gmt":"2024-09-27T06:05:05","slug":"about-us","status":"publish","type":"page","link":"https:\/\/rainviva.com\/es\/acerca-de-nosotros\/","title":{"rendered":"Qui\u00e9nes somos"},"content":{"rendered":"<div data-elementor-type=\"wp-page\" data-elementor-id=\"31\" class=\"elementor elementor-31\">\n\t\t\t\t<div class=\"wd-negative-gap elementor-element elementor-element-d388e90 e-grid e-con-boxed e-con e-parent\" data-id=\"d388e90\" data-element_type=\"container\">\n\t\t\t\t\t<div class=\"e-con-inner\">\n\t\t<div class=\"elementor-element elementor-element-86fcbb5 e-con-full e-flex e-con e-child\" data-id=\"86fcbb5\" data-element_type=\"container\">\n\t\t\t\t<div class=\"elementor-element elementor-element-78a5da3 wd-width-100 elementor-widget elementor-widget-wd_title\" data-id=\"78a5da3\" data-element_type=\"widget\" data-widget_type=\"wd_title.default\">\n\t\t\t\t<div class=\"elementor-widget-container\">\n\t\t\t\t\t\t\t<div class=\"title-wrapper set-mb-s reset-last-child wd-title-color-default wd-title-style-default wd-title-size-large text-left\">\n\n\t\t\t\n\t\t\t<div class=\"liner-continer\">\n\t\t\t\t<h4 class=\"woodmart-title-container title wd-fontsize-xxl\">Qui\u00e9nes somos<\/h4> \n\t\t\t\t\t\t\t<\/div>\n\n\t\t\t\t\t<\/div>\n\t\t\t\t\t\t<\/div>\n\t\t\t\t<\/div>\n\t\t\t\t<div class=\"elementor-element elementor-element-be871e1 elementor-widget elementor-widget-wd_text_block\" data-id=\"be871e1\" data-element_type=\"widget\" data-widget_type=\"wd_text_block.default\">\n\t\t\t\t<div class=\"elementor-widget-container\">\n\t\t\t\t\t\t\t<div class=\"wd-text-block reset-last-child text-left\">\n\t\t\t\n\t\t\t<p>Somos fabricantes y comerciantes profesionales de productos met\u00e1licos para ba\u00f1o en China. Con la misi\u00f3n de \"calentar la vida con la tecnolog\u00eda\", utilizamos tecnolog\u00eda de punta y exquisita artesan\u00eda para crear productos pr\u00e1cticos y de alta calidad para los usuarios para satisfacer las necesidades de los diferentes grupos de personas para una vida de calidad.<\/p><p>Somos uno de los primeros y m\u00e1s potentes fabricantes de China. Nuestra base de producci\u00f3n se encuentra en Jiangmen, China, y nuestro centro de ventas est\u00e1 en Foshan, China. Tenemos m\u00e1s de 18 a\u00f1os de capacidad de fabricaci\u00f3n de hardware de ba\u00f1o. Los calentadores de toallas el\u00e9ctricos son nuestra categor\u00eda principal. Nuestros productos se exportan a m\u00e1s de 50 pa\u00edses de todo el mundo y son profundamente amados y elogiados por los socios y consumidores nacionales y extranjeros.<\/p>\n\t\t\t\t\t<\/div>\n\t\t\t\t\t\t<\/div>\n\t\t\t\t<\/div>\n\t\t\t\t<\/div>\n\t\t<div class=\"elementor-element elementor-element-494354c e-con-full e-flex e-con e-child\" data-id=\"494354c\" data-element_type=\"container\">\n\t\t\t\t<div class=\"elementor-element elementor-element-a583d3c elementor-widget elementor-widget-wd_image_or_svg\" data-id=\"a583d3c\" data-element_type=\"widget\" data-widget_type=\"wd_image_or_svg.default\">\n\t\t\t\t<div class=\"elementor-widget-container\">\n\t\t\t\t\t\n\t\t<div class=\"wd-image text-left\">\n\t\t\t\t\t\t\t\t<img fetchpriority=\"high\" decoding=\"async\" width=\"1537\" height=\"800\" src=\"https:\/\/rainviva.com\/wp-content\/uploads\/2024\/09\/bathroom-metal-about-us.jpg\" class=\"attachment-full size-full\" alt=\"\" srcset=\"https:\/\/rainviva.com\/wp-content\/uploads\/2024\/09\/bathroom-metal-about-us.jpg 1537w, https:\/\/rainviva.com\/wp-content\/uploads\/2024\/09\/bathroom-metal-about-us-800x416.jpg 800w, https:\/\/rainviva.com\/wp-content\/uploads\/2024\/09\/bathroom-metal-about-us-1500x781.jpg 1500w, https:\/\/rainviva.com\/wp-content\/uploads\/2024\/09\/bathroom-metal-about-us-500x260.jpg 500w, https:\/\/rainviva.com\/wp-content\/uploads\/2024\/09\/bathroom-metal-about-us-768x400.jpg 768w, https:\/\/rainviva.com\/wp-content\/uploads\/2024\/09\/bathroom-metal-about-us-1200x625.jpg 1200w, https:\/\/rainviva.com\/wp-content\/uploads\/2024\/09\/bathroom-metal-about-us-150x78.jpg 150w\" sizes=\"(max-width: 1537px) 100vw, 1537px\" \/>\t\t\t\t\t<\/div>\n\n\t\t\t\t\t\t<\/div>\n\t\t\t\t<\/div>\n\t\t\t\t<\/div>\n\t\t\t\t\t<\/div>\n\t\t\t\t<\/div>\n\t\t<div class=\"wd-negative-gap elementor-element elementor-element-72bab4b e-grid e-con-boxed e-con e-parent\" data-id=\"72bab4b\" data-element_type=\"container\">\n\t\t\t\t\t<div class=\"e-con-inner\">\n\t\t<div class=\"elementor-element elementor-element-0358aab e-con-full e-flex e-con e-child\" data-id=\"0358aab\" data-element_type=\"container\">\n\t\t\t\t<div class=\"elementor-element elementor-element-a479ce8 elementor-widget elementor-widget-wd_image_or_svg\" data-id=\"a479ce8\" data-element_type=\"widget\" data-widget_type=\"wd_image_or_svg.default\">\n\t\t\t\t<div class=\"elementor-widget-container\">\n\t\t\t\t\t\n\t\t<div class=\"wd-image text-left\">\n\t\t\t\t\t\t\t\t<img decoding=\"async\" width=\"2308\" height=\"1500\" src=\"https:\/\/rainviva.com\/wp-content\/uploads\/2024\/09\/bathroom-metal-about-us-2.jpg\" class=\"attachment-full size-full\" alt=\"\" srcset=\"https:\/\/rainviva.com\/wp-content\/uploads\/2024\/09\/bathroom-metal-about-us-2.jpg 2308w, https:\/\/rainviva.com\/wp-content\/uploads\/2024\/09\/bathroom-metal-about-us-2-800x520.jpg 800w, https:\/\/rainviva.com\/wp-content\/uploads\/2024\/09\/bathroom-metal-about-us-2-1500x975.jpg 1500w, https:\/\/rainviva.com\/wp-content\/uploads\/2024\/09\/bathroom-metal-about-us-2-500x325.jpg 500w, https:\/\/rainviva.com\/wp-content\/uploads\/2024\/09\/bathroom-metal-about-us-2-768x499.jpg 768w, https:\/\/rainviva.com\/wp-content\/uploads\/2024\/09\/bathroom-metal-about-us-2-1536x998.jpg 1536w, https:\/\/rainviva.com\/wp-content\/uploads\/2024\/09\/bathroom-metal-about-us-2-2048x1331.jpg 2048w, https:\/\/rainviva.com\/wp-content\/uploads\/2024\/09\/bathroom-metal-about-us-2-1200x780.jpg 1200w, https:\/\/rainviva.com\/wp-content\/uploads\/2024\/09\/bathroom-metal-about-us-2-150x97.jpg 150w, https:\/\/rainviva.com\/wp-content\/uploads\/2024\/09\/bathroom-metal-about-us-2-462x300.jpg 462w\" sizes=\"(max-width: 2308px) 100vw, 2308px\" \/>\t\t\t\t\t<\/div>\n\n\t\t\t\t\t\t<\/div>\n\t\t\t\t<\/div>\n\t\t\t\t<\/div>\n\t\t<div class=\"elementor-element elementor-element-0896e08 e-con-full e-flex e-con e-child\" data-id=\"0896e08\" data-element_type=\"container\">\n\t\t\t\t<div class=\"elementor-element elementor-element-be91f58 wd-width-100 elementor-widget elementor-widget-wd_title\" data-id=\"be91f58\" data-element_type=\"widget\" data-widget_type=\"wd_title.default\">\n\t\t\t\t<div class=\"elementor-widget-container\">\n\t\t\t\t\t\t\t<div class=\"title-wrapper set-mb-s reset-last-child wd-title-color-default wd-title-style-default wd-title-size-large text-left\">\n\n\t\t\t\n\t\t\t<div class=\"liner-continer\">\n\t\t\t\t<h4 class=\"woodmart-title-container title wd-fontsize-xxl\">Nuestra misi\u00f3n<\/h4> \n\t\t\t\t\t\t\t<\/div>\n\n\t\t\t\t\t<\/div>\n\t\t\t\t\t\t<\/div>\n\t\t\t\t<\/div>\n\t\t\t\t<div class=\"elementor-element elementor-element-e3d66aa elementor-widget elementor-widget-wd_text_block\" data-id=\"e3d66aa\" data-element_type=\"widget\" data-widget_type=\"wd_text_block.default\">\n\t\t\t\t<div class=\"elementor-widget-container\">\n\t\t\t\t\t\t\t<div class=\"wd-text-block reset-last-child text-left\">\n\t\t\t\n\t\t\t<p>Tenemos una visi\u00f3n muy bonita: compartir con el mundo los mejores productos met\u00e1licos para ba\u00f1o fabricados en China. Para ello, siempre hemos mantenido la innovaci\u00f3n y la b\u00fasqueda de la excelencia en el dise\u00f1o de productos, la investigaci\u00f3n y el desarrollo funcional, la selecci\u00f3n de materiales y la fabricaci\u00f3n de productos.<\/p><p>En los \u00faltimos a\u00f1os, nuestra empresa tambi\u00e9n se ha desarrollado r\u00e1pidamente. En China, hemos alcanzado la cooperaci\u00f3n con muchas marcas de art\u00edculos sanitarios, como GROHE, Villeroy &amp; Boch, Hansgrohe, Roca, Kohler, TOTO y otras marcas internacionales de art\u00edculos sanitarios de primera l\u00ednea. Tambi\u00e9n hemos estado buscando m\u00e1s socios en todo el mundo, con la esperanza de que a m\u00e1s socios les gusten los productos fabricados en China.<\/p>\n\t\t\t\t\t<\/div>\n\t\t\t\t\t\t<\/div>\n\t\t\t\t<\/div>\n\t\t\t\t<\/div>\n\t\t\t\t\t<\/div>\n\t\t\t\t<\/div>\n\t\t<div class=\"wd-negative-gap elementor-element elementor-element-7b03e4f e-flex e-con-boxed e-con e-parent\" data-id=\"7b03e4f\" data-element_type=\"container\">\n\t\t\t\t\t<div class=\"e-con-inner\">\n\t\t\t\t<div class=\"elementor-element elementor-element-1bcc755 wd-width-100 elementor-widget elementor-widget-wd_title\" data-id=\"1bcc755\" data-element_type=\"widget\" data-widget_type=\"wd_title.default\">\n\t\t\t\t<div class=\"elementor-widget-container\">\n\t\t\t\t\t\t\t<div class=\"title-wrapper set-mb-s reset-last-child wd-title-color-default wd-title-style-default wd-title-size-large text-left\">\n\n\t\t\t\n\t\t\t<div class=\"liner-continer\">\n\t\t\t\t<h4 class=\"woodmart-title-container title wd-fontsize-xxl\">Socios<\/h4> \n\t\t\t\t\t\t\t<\/div>\n\n\t\t\t\t\t<\/div>\n\t\t\t\t\t\t<\/div>\n\t\t\t\t<\/div>\n\t\t<div class=\"elementor-element elementor-element-4b01915 e-grid e-con-full e-con e-child\" data-id=\"4b01915\" data-element_type=\"container\">\n\t\t\t\t<div class=\"elementor-element elementor-element-1f0530d elementor-widget elementor-widget-wd_image_or_svg\" data-id=\"1f0530d\" data-element_type=\"widget\" data-widget_type=\"wd_image_or_svg.default\">\n\t\t\t\t<div class=\"elementor-widget-container\">\n\t\t\t\t\t\n\t\t<div class=\"wd-image text-left\">\n\t\t\t\t\t\t\t\t<img decoding=\"async\" width=\"233\" height=\"105\" src=\"https:\/\/rainviva.com\/wp-content\/uploads\/2024\/09\/Villeroy-Boch.jpg\" class=\"attachment-full size-full\" alt=\"\" srcset=\"https:\/\/rainviva.com\/wp-content\/uploads\/2024\/09\/Villeroy-Boch.jpg 233w, https:\/\/rainviva.com\/wp-content\/uploads\/2024\/09\/Villeroy-Boch-150x68.jpg 150w\" sizes=\"(max-width: 233px) 100vw, 233px\" \/>\t\t\t\t\t<\/div>\n\n\t\t\t\t\t\t<\/div>\n\t\t\t\t<\/div>\n\t\t\t\t<div class=\"elementor-element elementor-element-3c3208d elementor-widget elementor-widget-wd_image_or_svg\" data-id=\"3c3208d\" data-element_type=\"widget\" data-widget_type=\"wd_image_or_svg.default\">\n\t\t\t\t<div class=\"elementor-widget-container\">\n\t\t\t\t\t\n\t\t<div class=\"wd-image text-left\">\n\t\t\t\t\t\t\t\t<img loading=\"lazy\" decoding=\"async\" width=\"233\" height=\"105\" src=\"https:\/\/rainviva.com\/wp-content\/uploads\/2024\/09\/DORNBRACHT.jpg\" class=\"attachment-full size-full\" alt=\"\" srcset=\"https:\/\/rainviva.com\/wp-content\/uploads\/2024\/09\/DORNBRACHT.jpg 233w, https:\/\/rainviva.com\/wp-content\/uploads\/2024\/09\/DORNBRACHT-150x68.jpg 150w\" sizes=\"(max-width: 233px) 100vw, 233px\" \/>\t\t\t\t\t<\/div>\n\n\t\t\t\t\t\t<\/div>\n\t\t\t\t<\/div>\n\t\t\t\t<div class=\"elementor-element elementor-element-97ac282 elementor-widget elementor-widget-wd_image_or_svg\" data-id=\"97ac282\" data-element_type=\"widget\" data-widget_type=\"wd_image_or_svg.default\">\n\t\t\t\t<div class=\"elementor-widget-container\">\n\t\t\t\t\t\n\t\t<div class=\"wd-image text-left\">\n\t\t\t\t\t\t\t\t<img loading=\"lazy\" decoding=\"async\" width=\"233\" height=\"105\" src=\"https:\/\/rainviva.com\/wp-content\/uploads\/2024\/09\/LAUFEN.jpg\" class=\"attachment-full size-full\" alt=\"\" srcset=\"https:\/\/rainviva.com\/wp-content\/uploads\/2024\/09\/LAUFEN.jpg 233w, https:\/\/rainviva.com\/wp-content\/uploads\/2024\/09\/LAUFEN-150x68.jpg 150w\" sizes=\"(max-width: 233px) 100vw, 233px\" \/>\t\t\t\t\t<\/div>\n\n\t\t\t\t\t\t<\/div>\n\t\t\t\t<\/div>\n\t\t\t\t<div class=\"elementor-element elementor-element-c65b6c9 elementor-widget elementor-widget-wd_image_or_svg\" data-id=\"c65b6c9\" data-element_type=\"widget\" data-widget_type=\"wd_image_or_svg.default\">\n\t\t\t\t<div class=\"elementor-widget-container\">\n\t\t\t\t\t\n\t\t<div class=\"wd-image text-left\">\n\t\t\t\t\t\t\t\t<img loading=\"lazy\" decoding=\"async\" width=\"233\" height=\"105\" src=\"https:\/\/rainviva.com\/wp-content\/uploads\/2024\/09\/GROHE.jpg\" class=\"attachment-full size-full\" alt=\"\" srcset=\"https:\/\/rainviva.com\/wp-content\/uploads\/2024\/09\/GROHE.jpg 233w, https:\/\/rainviva.com\/wp-content\/uploads\/2024\/09\/GROHE-150x68.jpg 150w\" sizes=\"(max-width: 233px) 100vw, 233px\" \/>\t\t\t\t\t<\/div>\n\n\t\t\t\t\t\t<\/div>\n\t\t\t\t<\/div>\n\t\t\t\t<div class=\"elementor-element elementor-element-4d8a3d8 elementor-widget elementor-widget-wd_image_or_svg\" data-id=\"4d8a3d8\" data-element_type=\"widget\" data-widget_type=\"wd_image_or_svg.default\">\n\t\t\t\t<div class=\"elementor-widget-container\">\n\t\t\t\t\t\n\t\t<div class=\"wd-image text-left\">\n\t\t\t\t\t\t\t\t<img loading=\"lazy\" decoding=\"async\" width=\"233\" height=\"105\" src=\"https:\/\/rainviva.com\/wp-content\/uploads\/2024\/09\/HANSGROHE.jpg\" class=\"attachment-full size-full\" alt=\"\" srcset=\"https:\/\/rainviva.com\/wp-content\/uploads\/2024\/09\/HANSGROHE.jpg 233w, https:\/\/rainviva.com\/wp-content\/uploads\/2024\/09\/HANSGROHE-150x68.jpg 150w\" sizes=\"(max-width: 233px) 100vw, 233px\" \/>\t\t\t\t\t<\/div>\n\n\t\t\t\t\t\t<\/div>\n\t\t\t\t<\/div>\n\t\t\t\t<div class=\"elementor-element elementor-element-48a2a9c elementor-widget elementor-widget-wd_image_or_svg\" data-id=\"48a2a9c\" data-element_type=\"widget\" data-widget_type=\"wd_image_or_svg.default\">\n\t\t\t\t<div class=\"elementor-widget-container\">\n\t\t\t\t\t\n\t\t<div class=\"wd-image text-left\">\n\t\t\t\t\t\t\t\t<img loading=\"lazy\" decoding=\"async\" width=\"233\" height=\"105\" src=\"https:\/\/rainviva.com\/wp-content\/uploads\/2024\/09\/DURAVIT.jpg\" class=\"attachment-full size-full\" alt=\"\" srcset=\"https:\/\/rainviva.com\/wp-content\/uploads\/2024\/09\/DURAVIT.jpg 233w, https:\/\/rainviva.com\/wp-content\/uploads\/2024\/09\/DURAVIT-150x68.jpg 150w\" sizes=\"(max-width: 233px) 100vw, 233px\" \/>\t\t\t\t\t<\/div>\n\n\t\t\t\t\t\t<\/div>\n\t\t\t\t<\/div>\n\t\t\t\t<div class=\"elementor-element elementor-element-7c4a4da elementor-widget elementor-widget-wd_image_or_svg\" data-id=\"7c4a4da\" data-element_type=\"widget\" data-widget_type=\"wd_image_or_svg.default\">\n\t\t\t\t<div class=\"elementor-widget-container\">\n\t\t\t\t\t\n\t\t<div class=\"wd-image text-left\">\n\t\t\t\t\t\t\t\t<img loading=\"lazy\" decoding=\"async\" width=\"233\" height=\"105\" src=\"https:\/\/rainviva.com\/wp-content\/uploads\/2024\/09\/KOHLER.jpg\" class=\"attachment-full size-full\" alt=\"\" srcset=\"https:\/\/rainviva.com\/wp-content\/uploads\/2024\/09\/KOHLER.jpg 233w, https:\/\/rainviva.com\/wp-content\/uploads\/2024\/09\/KOHLER-150x68.jpg 150w\" sizes=\"(max-width: 233px) 100vw, 233px\" \/>\t\t\t\t\t<\/div>\n\n\t\t\t\t\t\t<\/div>\n\t\t\t\t<\/div>\n\t\t\t\t<div class=\"elementor-element elementor-element-1e45b0c elementor-widget elementor-widget-wd_image_or_svg\" data-id=\"1e45b0c\" data-element_type=\"widget\" data-widget_type=\"wd_image_or_svg.default\">\n\t\t\t\t<div class=\"elementor-widget-container\">\n\t\t\t\t\t\n\t\t<div class=\"wd-image text-left\">\n\t\t\t\t\t\t\t\t<img loading=\"lazy\" decoding=\"async\" width=\"233\" height=\"105\" src=\"https:\/\/rainviva.com\/wp-content\/uploads\/2024\/09\/TOTO.jpg\" class=\"attachment-full size-full\" alt=\"\" srcset=\"https:\/\/rainviva.com\/wp-content\/uploads\/2024\/09\/TOTO.jpg 233w, https:\/\/rainviva.com\/wp-content\/uploads\/2024\/09\/TOTO-150x68.jpg 150w\" sizes=\"(max-width: 233px) 100vw, 233px\" \/>\t\t\t\t\t<\/div>\n\n\t\t\t\t\t\t<\/div>\n\t\t\t\t<\/div>\n\t\t\t\t<div class=\"elementor-element elementor-element-53e84b8 elementor-widget elementor-widget-wd_image_or_svg\" data-id=\"53e84b8\" data-element_type=\"widget\" data-widget_type=\"wd_image_or_svg.default\">\n\t\t\t\t<div class=\"elementor-widget-container\">\n\t\t\t\t\t\n\t\t<div class=\"wd-image text-left\">\n\t\t\t\t\t\t\t\t<img loading=\"lazy\" decoding=\"async\" width=\"233\" height=\"105\" src=\"https:\/\/rainviva.com\/wp-content\/uploads\/2024\/09\/AXENT.jpg\" class=\"attachment-full size-full\" alt=\"\" srcset=\"https:\/\/rainviva.com\/wp-content\/uploads\/2024\/09\/AXENT.jpg 233w, https:\/\/rainviva.com\/wp-content\/uploads\/2024\/09\/AXENT-150x68.jpg 150w\" sizes=\"(max-width: 233px) 100vw, 233px\" \/>\t\t\t\t\t<\/div>\n\n\t\t\t\t\t\t<\/div>\n\t\t\t\t<\/div>\n\t\t\t\t<div class=\"elementor-element elementor-element-0f6a947 elementor-widget elementor-widget-wd_image_or_svg\" data-id=\"0f6a947\" data-element_type=\"widget\" data-widget_type=\"wd_image_or_svg.default\">\n\t\t\t\t<div class=\"elementor-widget-container\">\n\t\t\t\t\t\n\t\t<div class=\"wd-image text-left\">\n\t\t\t\t\t\t\t\t<img loading=\"lazy\" decoding=\"async\" width=\"400\" height=\"180\" src=\"https:\/\/rainviva.com\/wp-content\/uploads\/2024\/09\/ROCA.jpg\" class=\"attachment-full size-full\" alt=\"\" srcset=\"https:\/\/rainviva.com\/wp-content\/uploads\/2024\/09\/ROCA.jpg 400w, https:\/\/rainviva.com\/wp-content\/uploads\/2024\/09\/ROCA-150x68.jpg 150w\" sizes=\"(max-width: 400px) 100vw, 400px\" \/>\t\t\t\t\t<\/div>\n\n\t\t\t\t\t\t<\/div>\n\t\t\t\t<\/div>\n\t\t\t\t<div class=\"elementor-element elementor-element-e053b4f elementor-hidden-desktop elementor-hidden-tablet elementor-widget elementor-widget-wd_image_or_svg\" data-id=\"e053b4f\" data-element_type=\"widget\" data-widget_type=\"wd_image_or_svg.default\">\n\t\t\t\t<div class=\"elementor-widget-container\">\n\t\t\t\t\t\n\t\t<div class=\"wd-image text-left\">\n\t\t\t\t\t\t\t\t<img loading=\"lazy\" decoding=\"async\" width=\"233\" height=\"105\" src=\"https:\/\/rainviva.com\/wp-content\/uploads\/2024\/09\/AMERICAN-STANDARD.jpg\" class=\"attachment-full size-full\" alt=\"\" srcset=\"https:\/\/rainviva.com\/wp-content\/uploads\/2024\/09\/AMERICAN-STANDARD.jpg 233w, https:\/\/rainviva.com\/wp-content\/uploads\/2024\/09\/AMERICAN-STANDARD-150x68.jpg 150w\" sizes=\"(max-width: 233px) 100vw, 233px\" \/>\t\t\t\t\t<\/div>\n\n\t\t\t\t\t\t<\/div>\n\t\t\t\t<\/div>\n\t\t\t\t<div class=\"elementor-element elementor-element-57febe0 elementor-hidden-desktop elementor-hidden-tablet elementor-widget elementor-widget-wd_text_block\" data-id=\"57febe0\" data-element_type=\"widget\" data-widget_type=\"wd_text_block.default\">\n\t\t\t\t<div class=\"elementor-widget-container\">\n\t\t\t\t\t\t\t<div class=\"wd-text-block reset-last-child text-center\">\n\t\t\t\n\t\t\t<br><p>m\u00e1s.<span style=\"font-size: 14px; text-align: var(--text-align); color: var(--wd-text-color);\"><\/span><\/p>\n\t\t\t\t\t<\/div>\n\t\t\t\t\t\t<\/div>\n\t\t\t\t<\/div>\n\t\t\t\t<\/div>\n\t\t\t\t\t<\/div>\n\t\t\t\t<\/div>\n\t\t\t\t<\/div>","protected":false},"excerpt":{"rendered":"<p>About Us We are a professional manufacturer and trader of Bathroom Metal Products in China. With the mission of \u201cwarming<\/p>","protected":false},"author":1,"featured_media":0,"parent":0,"menu_order":0,"comment_status":"closed","ping_status":"closed","template":"","meta":{"footnotes":""},"class_list":["post-31","page","type-page","status-publish","hentry"],"_links":{"self":[{"href":"https:\/\/rainviva.com\/es\/wp-json\/wp\/v2\/pages\/31","targetHints":{"allow":["GET"]}}],"collection":[{"href":"https:\/\/rainviva.com\/es\/wp-json\/wp\/v2\/pages"}],"about":[{"href":"https:\/\/rainviva.com\/es\/wp-json\/wp\/v2\/types\/page"}],"author":[{"embeddable":true,"href":"https:\/\/rainviva.com\/es\/wp-json\/wp\/v2\/users\/1"}],"replies":[{"embeddable":true,"href":"https:\/\/rainviva.com\/es\/wp-json\/wp\/v2\/comments?post=31"}],"version-history":[{"count":0,"href":"https:\/\/rainviva.com\/es\/wp-json\/wp\/v2\/pages\/31\/revisions"}],"wp:attachment":[{"href":"https:\/\/rainviva.com\/es\/wp-json\/wp\/v2\/media?parent=31"}],"curies":[{"name":"wp","href":"https:\/\/api.w.org\/{rel}","templated":true}]}}