{"id":31,"date":"2023-04-20T11:47:35","date_gmt":"2023-04-20T11:47:35","guid":{"rendered":"https:\/\/dummy.xtemos.com\/woodmart2\/furniture2-elementor\/?page_id=31"},"modified":"2024-09-27T06:05:05","modified_gmt":"2024-09-27T06:05:05","slug":"about-us","status":"publish","type":"page","link":"https:\/\/rainviva.com\/fr\/a-propos-de-nous\/","title":{"rendered":"A propos de nous"},"content":{"rendered":"<div data-elementor-type=\"wp-page\" data-elementor-id=\"31\" class=\"elementor elementor-31\">\n\t\t\t\t<div class=\"wd-negative-gap elementor-element elementor-element-d388e90 e-grid e-con-boxed e-con e-parent\" data-id=\"d388e90\" data-element_type=\"container\">\n\t\t\t\t\t<div class=\"e-con-inner\">\n\t\t<div class=\"elementor-element elementor-element-86fcbb5 e-con-full e-flex e-con e-child\" data-id=\"86fcbb5\" data-element_type=\"container\">\n\t\t\t\t<div class=\"elementor-element elementor-element-78a5da3 wd-width-100 elementor-widget elementor-widget-wd_title\" data-id=\"78a5da3\" data-element_type=\"widget\" data-widget_type=\"wd_title.default\">\n\t\t\t\t<div class=\"elementor-widget-container\">\n\t\t\t\t\t\t\t<div class=\"title-wrapper set-mb-s reset-last-child wd-title-color-default wd-title-style-default wd-title-size-large text-left\">\n\n\t\t\t\n\t\t\t<div class=\"liner-continer\">\n\t\t\t\t<h4 class=\"woodmart-title-container title wd-fontsize-xxl\">\u00c0 propos de nous<\/h4> \n\t\t\t\t\t\t\t<\/div>\n\n\t\t\t\t\t<\/div>\n\t\t\t\t\t\t<\/div>\n\t\t\t\t<\/div>\n\t\t\t\t<div class=\"elementor-element elementor-element-be871e1 elementor-widget elementor-widget-wd_text_block\" data-id=\"be871e1\" data-element_type=\"widget\" data-widget_type=\"wd_text_block.default\">\n\t\t\t\t<div class=\"elementor-widget-container\">\n\t\t\t\t\t\t\t<div class=\"wd-text-block reset-last-child text-left\">\n\t\t\t\n\t\t\t<p>Nous sommes un fabricant et n\u00e9gociant professionnel de produits m\u00e9talliques pour salles de bains en Chine. Avec pour mission de \"r\u00e9chauffer la vie avec la technologie\", nous utilisons des technologies de pointe et un savoir-faire exquis pour cr\u00e9er des produits pratiques et de haute qualit\u00e9 pour les utilisateurs afin de r\u00e9pondre aux besoins de diff\u00e9rents groupes de personnes pour une vie de qualit\u00e9.<\/p><p>Nous sommes l'un des premiers et des plus puissants fabricants de Chine. Notre base de production est situ\u00e9e \u00e0 Jiangmen, en Chine, et notre centre de vente \u00e0 Foshan, en Chine. Nous avons plus de 18 ans d'exp\u00e9rience dans la fabrication d'articles de salle de bains. Les s\u00e8che-serviettes \u00e9lectriques sont notre principale cat\u00e9gorie. Nos produits sont export\u00e9s dans plus de 50 pays \u00e0 travers le monde et sont tr\u00e8s appr\u00e9ci\u00e9s et lou\u00e9s par nos partenaires et consommateurs nationaux et \u00e9trangers.<\/p>\n\t\t\t\t\t<\/div>\n\t\t\t\t\t\t<\/div>\n\t\t\t\t<\/div>\n\t\t\t\t<\/div>\n\t\t<div class=\"elementor-element elementor-element-494354c e-con-full e-flex e-con e-child\" data-id=\"494354c\" data-element_type=\"container\">\n\t\t\t\t<div class=\"elementor-element elementor-element-a583d3c elementor-widget elementor-widget-wd_image_or_svg\" data-id=\"a583d3c\" data-element_type=\"widget\" data-widget_type=\"wd_image_or_svg.default\">\n\t\t\t\t<div class=\"elementor-widget-container\">\n\t\t\t\t\t\n\t\t<div class=\"wd-image text-left\">\n\t\t\t\t\t\t\t\t<img fetchpriority=\"high\" decoding=\"async\" width=\"1537\" height=\"800\" src=\"https:\/\/rainviva.com\/wp-content\/uploads\/2024\/09\/bathroom-metal-about-us.jpg\" class=\"attachment-full size-full\" alt=\"\" srcset=\"https:\/\/rainviva.com\/wp-content\/uploads\/2024\/09\/bathroom-metal-about-us.jpg 1537w, https:\/\/rainviva.com\/wp-content\/uploads\/2024\/09\/bathroom-metal-about-us-800x416.jpg 800w, https:\/\/rainviva.com\/wp-content\/uploads\/2024\/09\/bathroom-metal-about-us-1500x781.jpg 1500w, https:\/\/rainviva.com\/wp-content\/uploads\/2024\/09\/bathroom-metal-about-us-500x260.jpg 500w, https:\/\/rainviva.com\/wp-content\/uploads\/2024\/09\/bathroom-metal-about-us-768x400.jpg 768w, https:\/\/rainviva.com\/wp-content\/uploads\/2024\/09\/bathroom-metal-about-us-1200x625.jpg 1200w, https:\/\/rainviva.com\/wp-content\/uploads\/2024\/09\/bathroom-metal-about-us-150x78.jpg 150w\" sizes=\"(max-width: 1537px) 100vw, 1537px\" \/>\t\t\t\t\t<\/div>\n\n\t\t\t\t\t\t<\/div>\n\t\t\t\t<\/div>\n\t\t\t\t<\/div>\n\t\t\t\t\t<\/div>\n\t\t\t\t<\/div>\n\t\t<div class=\"wd-negative-gap elementor-element elementor-element-72bab4b e-grid e-con-boxed e-con e-parent\" data-id=\"72bab4b\" data-element_type=\"container\">\n\t\t\t\t\t<div class=\"e-con-inner\">\n\t\t<div class=\"elementor-element elementor-element-0358aab e-con-full e-flex e-con e-child\" data-id=\"0358aab\" data-element_type=\"container\">\n\t\t\t\t<div class=\"elementor-element elementor-element-a479ce8 elementor-widget elementor-widget-wd_image_or_svg\" data-id=\"a479ce8\" data-element_type=\"widget\" data-widget_type=\"wd_image_or_svg.default\">\n\t\t\t\t<div class=\"elementor-widget-container\">\n\t\t\t\t\t\n\t\t<div class=\"wd-image text-left\">\n\t\t\t\t\t\t\t\t<img decoding=\"async\" width=\"2308\" height=\"1500\" src=\"https:\/\/rainviva.com\/wp-content\/uploads\/2024\/09\/bathroom-metal-about-us-2.jpg\" class=\"attachment-full size-full\" alt=\"\" srcset=\"https:\/\/rainviva.com\/wp-content\/uploads\/2024\/09\/bathroom-metal-about-us-2.jpg 2308w, https:\/\/rainviva.com\/wp-content\/uploads\/2024\/09\/bathroom-metal-about-us-2-800x520.jpg 800w, https:\/\/rainviva.com\/wp-content\/uploads\/2024\/09\/bathroom-metal-about-us-2-1500x975.jpg 1500w, https:\/\/rainviva.com\/wp-content\/uploads\/2024\/09\/bathroom-metal-about-us-2-500x325.jpg 500w, https:\/\/rainviva.com\/wp-content\/uploads\/2024\/09\/bathroom-metal-about-us-2-768x499.jpg 768w, https:\/\/rainviva.com\/wp-content\/uploads\/2024\/09\/bathroom-metal-about-us-2-1536x998.jpg 1536w, https:\/\/rainviva.com\/wp-content\/uploads\/2024\/09\/bathroom-metal-about-us-2-2048x1331.jpg 2048w, https:\/\/rainviva.com\/wp-content\/uploads\/2024\/09\/bathroom-metal-about-us-2-1200x780.jpg 1200w, https:\/\/rainviva.com\/wp-content\/uploads\/2024\/09\/bathroom-metal-about-us-2-150x97.jpg 150w, https:\/\/rainviva.com\/wp-content\/uploads\/2024\/09\/bathroom-metal-about-us-2-462x300.jpg 462w\" sizes=\"(max-width: 2308px) 100vw, 2308px\" \/>\t\t\t\t\t<\/div>\n\n\t\t\t\t\t\t<\/div>\n\t\t\t\t<\/div>\n\t\t\t\t<\/div>\n\t\t<div class=\"elementor-element elementor-element-0896e08 e-con-full e-flex e-con e-child\" data-id=\"0896e08\" data-element_type=\"container\">\n\t\t\t\t<div class=\"elementor-element elementor-element-be91f58 wd-width-100 elementor-widget elementor-widget-wd_title\" data-id=\"be91f58\" data-element_type=\"widget\" data-widget_type=\"wd_title.default\">\n\t\t\t\t<div class=\"elementor-widget-container\">\n\t\t\t\t\t\t\t<div class=\"title-wrapper set-mb-s reset-last-child wd-title-color-default wd-title-style-default wd-title-size-large text-left\">\n\n\t\t\t\n\t\t\t<div class=\"liner-continer\">\n\t\t\t\t<h4 class=\"woodmart-title-container title wd-fontsize-xxl\">Notre vision<\/h4> \n\t\t\t\t\t\t\t<\/div>\n\n\t\t\t\t\t<\/div>\n\t\t\t\t\t\t<\/div>\n\t\t\t\t<\/div>\n\t\t\t\t<div class=\"elementor-element elementor-element-e3d66aa elementor-widget elementor-widget-wd_text_block\" data-id=\"e3d66aa\" data-element_type=\"widget\" data-widget_type=\"wd_text_block.default\">\n\t\t\t\t<div class=\"elementor-widget-container\">\n\t\t\t\t\t\t\t<div class=\"wd-text-block reset-last-child text-left\">\n\t\t\t\n\t\t\t<p>Nous avons une tr\u00e8s belle vision : partager avec le monde entier les meilleurs produits m\u00e9talliques pour salles de bains fabriqu\u00e9s en Chine. \u00c0 cette fin, nous avons toujours fait preuve d'innovation et recherch\u00e9 l'excellence dans la conception des produits, la recherche et le d\u00e9veloppement fonctionnels, la s\u00e9lection des mat\u00e9riaux et la fabrication des produits.<\/p><p>Ces derni\u00e8res ann\u00e9es, notre soci\u00e9t\u00e9 s'est \u00e9galement d\u00e9velopp\u00e9e rapidement. En Chine, nous avons \u00e9tabli une coop\u00e9ration avec de nombreuses marques d'appareils sanitaires, telles que GROHE, Villeroy &amp; Boch, Hansgrohe, Roca, Kohler, TOTO et d'autres marques internationales d'appareils sanitaires de premier plan. Nous sommes \u00e9galement \u00e0 la recherche de nouveaux partenaires dans le monde entier, en esp\u00e9rant qu'ils seront plus nombreux \u00e0 appr\u00e9cier les produits fabriqu\u00e9s en Chine.<\/p>\n\t\t\t\t\t<\/div>\n\t\t\t\t\t\t<\/div>\n\t\t\t\t<\/div>\n\t\t\t\t<\/div>\n\t\t\t\t\t<\/div>\n\t\t\t\t<\/div>\n\t\t<div class=\"wd-negative-gap elementor-element elementor-element-7b03e4f e-flex e-con-boxed e-con e-parent\" data-id=\"7b03e4f\" data-element_type=\"container\">\n\t\t\t\t\t<div class=\"e-con-inner\">\n\t\t\t\t<div class=\"elementor-element elementor-element-1bcc755 wd-width-100 elementor-widget elementor-widget-wd_title\" data-id=\"1bcc755\" data-element_type=\"widget\" data-widget_type=\"wd_title.default\">\n\t\t\t\t<div class=\"elementor-widget-container\">\n\t\t\t\t\t\t\t<div class=\"title-wrapper set-mb-s reset-last-child wd-title-color-default wd-title-style-default wd-title-size-large text-left\">\n\n\t\t\t\n\t\t\t<div class=\"liner-continer\">\n\t\t\t\t<h4 class=\"woodmart-title-container title wd-fontsize-xxl\">Partenaires<\/h4> \n\t\t\t\t\t\t\t<\/div>\n\n\t\t\t\t\t<\/div>\n\t\t\t\t\t\t<\/div>\n\t\t\t\t<\/div>\n\t\t<div class=\"elementor-element elementor-element-4b01915 e-grid e-con-full e-con e-child\" data-id=\"4b01915\" data-element_type=\"container\">\n\t\t\t\t<div class=\"elementor-element elementor-element-1f0530d elementor-widget elementor-widget-wd_image_or_svg\" data-id=\"1f0530d\" data-element_type=\"widget\" data-widget_type=\"wd_image_or_svg.default\">\n\t\t\t\t<div class=\"elementor-widget-container\">\n\t\t\t\t\t\n\t\t<div class=\"wd-image text-left\">\n\t\t\t\t\t\t\t\t<img decoding=\"async\" width=\"233\" height=\"105\" src=\"https:\/\/rainviva.com\/wp-content\/uploads\/2024\/09\/Villeroy-Boch.jpg\" class=\"attachment-full size-full\" alt=\"\" srcset=\"https:\/\/rainviva.com\/wp-content\/uploads\/2024\/09\/Villeroy-Boch.jpg 233w, https:\/\/rainviva.com\/wp-content\/uploads\/2024\/09\/Villeroy-Boch-150x68.jpg 150w\" sizes=\"(max-width: 233px) 100vw, 233px\" \/>\t\t\t\t\t<\/div>\n\n\t\t\t\t\t\t<\/div>\n\t\t\t\t<\/div>\n\t\t\t\t<div class=\"elementor-element elementor-element-3c3208d elementor-widget elementor-widget-wd_image_or_svg\" data-id=\"3c3208d\" data-element_type=\"widget\" data-widget_type=\"wd_image_or_svg.default\">\n\t\t\t\t<div class=\"elementor-widget-container\">\n\t\t\t\t\t\n\t\t<div class=\"wd-image text-left\">\n\t\t\t\t\t\t\t\t<img loading=\"lazy\" decoding=\"async\" width=\"233\" height=\"105\" src=\"https:\/\/rainviva.com\/wp-content\/uploads\/2024\/09\/DORNBRACHT.jpg\" class=\"attachment-full size-full\" alt=\"\" srcset=\"https:\/\/rainviva.com\/wp-content\/uploads\/2024\/09\/DORNBRACHT.jpg 233w, https:\/\/rainviva.com\/wp-content\/uploads\/2024\/09\/DORNBRACHT-150x68.jpg 150w\" sizes=\"(max-width: 233px) 100vw, 233px\" \/>\t\t\t\t\t<\/div>\n\n\t\t\t\t\t\t<\/div>\n\t\t\t\t<\/div>\n\t\t\t\t<div class=\"elementor-element elementor-element-97ac282 elementor-widget elementor-widget-wd_image_or_svg\" data-id=\"97ac282\" data-element_type=\"widget\" data-widget_type=\"wd_image_or_svg.default\">\n\t\t\t\t<div class=\"elementor-widget-container\">\n\t\t\t\t\t\n\t\t<div class=\"wd-image text-left\">\n\t\t\t\t\t\t\t\t<img loading=\"lazy\" decoding=\"async\" width=\"233\" height=\"105\" src=\"https:\/\/rainviva.com\/wp-content\/uploads\/2024\/09\/LAUFEN.jpg\" class=\"attachment-full size-full\" alt=\"\" srcset=\"https:\/\/rainviva.com\/wp-content\/uploads\/2024\/09\/LAUFEN.jpg 233w, https:\/\/rainviva.com\/wp-content\/uploads\/2024\/09\/LAUFEN-150x68.jpg 150w\" sizes=\"(max-width: 233px) 100vw, 233px\" \/>\t\t\t\t\t<\/div>\n\n\t\t\t\t\t\t<\/div>\n\t\t\t\t<\/div>\n\t\t\t\t<div class=\"elementor-element elementor-element-c65b6c9 elementor-widget elementor-widget-wd_image_or_svg\" data-id=\"c65b6c9\" data-element_type=\"widget\" data-widget_type=\"wd_image_or_svg.default\">\n\t\t\t\t<div class=\"elementor-widget-container\">\n\t\t\t\t\t\n\t\t<div class=\"wd-image text-left\">\n\t\t\t\t\t\t\t\t<img loading=\"lazy\" decoding=\"async\" width=\"233\" height=\"105\" src=\"https:\/\/rainviva.com\/wp-content\/uploads\/2024\/09\/GROHE.jpg\" class=\"attachment-full size-full\" alt=\"\" srcset=\"https:\/\/rainviva.com\/wp-content\/uploads\/2024\/09\/GROHE.jpg 233w, https:\/\/rainviva.com\/wp-content\/uploads\/2024\/09\/GROHE-150x68.jpg 150w\" sizes=\"(max-width: 233px) 100vw, 233px\" \/>\t\t\t\t\t<\/div>\n\n\t\t\t\t\t\t<\/div>\n\t\t\t\t<\/div>\n\t\t\t\t<div class=\"elementor-element elementor-element-4d8a3d8 elementor-widget elementor-widget-wd_image_or_svg\" data-id=\"4d8a3d8\" data-element_type=\"widget\" data-widget_type=\"wd_image_or_svg.default\">\n\t\t\t\t<div class=\"elementor-widget-container\">\n\t\t\t\t\t\n\t\t<div class=\"wd-image text-left\">\n\t\t\t\t\t\t\t\t<img loading=\"lazy\" decoding=\"async\" width=\"233\" height=\"105\" src=\"https:\/\/rainviva.com\/wp-content\/uploads\/2024\/09\/HANSGROHE.jpg\" class=\"attachment-full size-full\" alt=\"\" srcset=\"https:\/\/rainviva.com\/wp-content\/uploads\/2024\/09\/HANSGROHE.jpg 233w, https:\/\/rainviva.com\/wp-content\/uploads\/2024\/09\/HANSGROHE-150x68.jpg 150w\" sizes=\"(max-width: 233px) 100vw, 233px\" \/>\t\t\t\t\t<\/div>\n\n\t\t\t\t\t\t<\/div>\n\t\t\t\t<\/div>\n\t\t\t\t<div class=\"elementor-element elementor-element-48a2a9c elementor-widget elementor-widget-wd_image_or_svg\" data-id=\"48a2a9c\" data-element_type=\"widget\" data-widget_type=\"wd_image_or_svg.default\">\n\t\t\t\t<div class=\"elementor-widget-container\">\n\t\t\t\t\t\n\t\t<div class=\"wd-image text-left\">\n\t\t\t\t\t\t\t\t<img loading=\"lazy\" decoding=\"async\" width=\"233\" height=\"105\" src=\"https:\/\/rainviva.com\/wp-content\/uploads\/2024\/09\/DURAVIT.jpg\" class=\"attachment-full size-full\" alt=\"\" srcset=\"https:\/\/rainviva.com\/wp-content\/uploads\/2024\/09\/DURAVIT.jpg 233w, https:\/\/rainviva.com\/wp-content\/uploads\/2024\/09\/DURAVIT-150x68.jpg 150w\" sizes=\"(max-width: 233px) 100vw, 233px\" \/>\t\t\t\t\t<\/div>\n\n\t\t\t\t\t\t<\/div>\n\t\t\t\t<\/div>\n\t\t\t\t<div class=\"elementor-element elementor-element-7c4a4da elementor-widget elementor-widget-wd_image_or_svg\" data-id=\"7c4a4da\" data-element_type=\"widget\" data-widget_type=\"wd_image_or_svg.default\">\n\t\t\t\t<div class=\"elementor-widget-container\">\n\t\t\t\t\t\n\t\t<div class=\"wd-image text-left\">\n\t\t\t\t\t\t\t\t<img loading=\"lazy\" decoding=\"async\" width=\"233\" height=\"105\" src=\"https:\/\/rainviva.com\/wp-content\/uploads\/2024\/09\/KOHLER.jpg\" class=\"attachment-full size-full\" alt=\"\" srcset=\"https:\/\/rainviva.com\/wp-content\/uploads\/2024\/09\/KOHLER.jpg 233w, https:\/\/rainviva.com\/wp-content\/uploads\/2024\/09\/KOHLER-150x68.jpg 150w\" sizes=\"(max-width: 233px) 100vw, 233px\" \/>\t\t\t\t\t<\/div>\n\n\t\t\t\t\t\t<\/div>\n\t\t\t\t<\/div>\n\t\t\t\t<div class=\"elementor-element elementor-element-1e45b0c elementor-widget elementor-widget-wd_image_or_svg\" data-id=\"1e45b0c\" data-element_type=\"widget\" data-widget_type=\"wd_image_or_svg.default\">\n\t\t\t\t<div class=\"elementor-widget-container\">\n\t\t\t\t\t\n\t\t<div class=\"wd-image text-left\">\n\t\t\t\t\t\t\t\t<img loading=\"lazy\" decoding=\"async\" width=\"233\" height=\"105\" src=\"https:\/\/rainviva.com\/wp-content\/uploads\/2024\/09\/TOTO.jpg\" class=\"attachment-full size-full\" alt=\"\" srcset=\"https:\/\/rainviva.com\/wp-content\/uploads\/2024\/09\/TOTO.jpg 233w, https:\/\/rainviva.com\/wp-content\/uploads\/2024\/09\/TOTO-150x68.jpg 150w\" sizes=\"(max-width: 233px) 100vw, 233px\" \/>\t\t\t\t\t<\/div>\n\n\t\t\t\t\t\t<\/div>\n\t\t\t\t<\/div>\n\t\t\t\t<div class=\"elementor-element elementor-element-53e84b8 elementor-widget elementor-widget-wd_image_or_svg\" data-id=\"53e84b8\" data-element_type=\"widget\" data-widget_type=\"wd_image_or_svg.default\">\n\t\t\t\t<div class=\"elementor-widget-container\">\n\t\t\t\t\t\n\t\t<div class=\"wd-image text-left\">\n\t\t\t\t\t\t\t\t<img loading=\"lazy\" decoding=\"async\" width=\"233\" height=\"105\" src=\"https:\/\/rainviva.com\/wp-content\/uploads\/2024\/09\/AXENT.jpg\" class=\"attachment-full size-full\" alt=\"\" srcset=\"https:\/\/rainviva.com\/wp-content\/uploads\/2024\/09\/AXENT.jpg 233w, https:\/\/rainviva.com\/wp-content\/uploads\/2024\/09\/AXENT-150x68.jpg 150w\" sizes=\"(max-width: 233px) 100vw, 233px\" \/>\t\t\t\t\t<\/div>\n\n\t\t\t\t\t\t<\/div>\n\t\t\t\t<\/div>\n\t\t\t\t<div class=\"elementor-element elementor-element-0f6a947 elementor-widget elementor-widget-wd_image_or_svg\" data-id=\"0f6a947\" data-element_type=\"widget\" data-widget_type=\"wd_image_or_svg.default\">\n\t\t\t\t<div class=\"elementor-widget-container\">\n\t\t\t\t\t\n\t\t<div class=\"wd-image text-left\">\n\t\t\t\t\t\t\t\t<img loading=\"lazy\" decoding=\"async\" width=\"400\" height=\"180\" src=\"https:\/\/rainviva.com\/wp-content\/uploads\/2024\/09\/ROCA.jpg\" class=\"attachment-full size-full\" alt=\"\" srcset=\"https:\/\/rainviva.com\/wp-content\/uploads\/2024\/09\/ROCA.jpg 400w, https:\/\/rainviva.com\/wp-content\/uploads\/2024\/09\/ROCA-150x68.jpg 150w\" sizes=\"(max-width: 400px) 100vw, 400px\" \/>\t\t\t\t\t<\/div>\n\n\t\t\t\t\t\t<\/div>\n\t\t\t\t<\/div>\n\t\t\t\t<div class=\"elementor-element elementor-element-e053b4f elementor-hidden-desktop elementor-hidden-tablet elementor-widget elementor-widget-wd_image_or_svg\" data-id=\"e053b4f\" data-element_type=\"widget\" data-widget_type=\"wd_image_or_svg.default\">\n\t\t\t\t<div class=\"elementor-widget-container\">\n\t\t\t\t\t\n\t\t<div class=\"wd-image text-left\">\n\t\t\t\t\t\t\t\t<img loading=\"lazy\" decoding=\"async\" width=\"233\" height=\"105\" src=\"https:\/\/rainviva.com\/wp-content\/uploads\/2024\/09\/AMERICAN-STANDARD.jpg\" class=\"attachment-full size-full\" alt=\"\" srcset=\"https:\/\/rainviva.com\/wp-content\/uploads\/2024\/09\/AMERICAN-STANDARD.jpg 233w, https:\/\/rainviva.com\/wp-content\/uploads\/2024\/09\/AMERICAN-STANDARD-150x68.jpg 150w\" sizes=\"(max-width: 233px) 100vw, 233px\" \/>\t\t\t\t\t<\/div>\n\n\t\t\t\t\t\t<\/div>\n\t\t\t\t<\/div>\n\t\t\t\t<div class=\"elementor-element elementor-element-57febe0 elementor-hidden-desktop elementor-hidden-tablet elementor-widget elementor-widget-wd_text_block\" data-id=\"57febe0\" data-element_type=\"widget\" data-widget_type=\"wd_text_block.default\">\n\t\t\t\t<div class=\"elementor-widget-container\">\n\t\t\t\t\t\t\t<div class=\"wd-text-block reset-last-child text-center\">\n\t\t\t\n\t\t\t<br><p>plus.<span style=\"font-size: 14px; text-align: var(--text-align); color: var(--wd-text-color);\"><\/span><\/p>\n\t\t\t\t\t<\/div>\n\t\t\t\t\t\t<\/div>\n\t\t\t\t<\/div>\n\t\t\t\t<\/div>\n\t\t\t\t\t<\/div>\n\t\t\t\t<\/div>\n\t\t\t\t<\/div>","protected":false},"excerpt":{"rendered":"<p>About Us We are a professional manufacturer and trader of Bathroom Metal Products in China. With the mission of \u201cwarming<\/p>","protected":false},"author":1,"featured_media":0,"parent":0,"menu_order":0,"comment_status":"closed","ping_status":"closed","template":"","meta":{"footnotes":""},"class_list":["post-31","page","type-page","status-publish","hentry"],"_links":{"self":[{"href":"https:\/\/rainviva.com\/fr\/wp-json\/wp\/v2\/pages\/31","targetHints":{"allow":["GET"]}}],"collection":[{"href":"https:\/\/rainviva.com\/fr\/wp-json\/wp\/v2\/pages"}],"about":[{"href":"https:\/\/rainviva.com\/fr\/wp-json\/wp\/v2\/types\/page"}],"author":[{"embeddable":true,"href":"https:\/\/rainviva.com\/fr\/wp-json\/wp\/v2\/users\/1"}],"replies":[{"embeddable":true,"href":"https:\/\/rainviva.com\/fr\/wp-json\/wp\/v2\/comments?post=31"}],"version-history":[{"count":0,"href":"https:\/\/rainviva.com\/fr\/wp-json\/wp\/v2\/pages\/31\/revisions"}],"wp:attachment":[{"href":"https:\/\/rainviva.com\/fr\/wp-json\/wp\/v2\/media?parent=31"}],"curies":[{"name":"wp","href":"https:\/\/api.w.org\/{rel}","templated":true}]}}